{"id":113,"date":"2023-09-04T15:42:21","date_gmt":"2023-09-04T15:42:21","guid":{"rendered":"http:\/\/www.fionasironic.de\/?page_id=113"},"modified":"2026-04-07T15:11:06","modified_gmt":"2026-04-07T15:11:06","slug":"kontakt","status":"publish","type":"page","link":"http:\/\/www.fionasironic.de\/?page_id=113","title":{"rendered":"Kontakt"},"content":{"rendered":"\n<p><a href=\"https:\/\/harpercollins.de\/pages\/ansprechpartner-handel\">Anfragen f\u00fcr Veranstaltungen oder Presseanfragen richten Sie gerne an meinen Verlag<\/a>.<\/p>\n\n\n\n<p>F\u00fcr anderweitige Anfragen (Workshops oder Textauftr\u00e4ge) erreichen sie mich via Mail unter fiona.sironic[at]posteo.de.<\/p>\n\n\n\n<p>Auf Instagram <a href=\"https:\/\/www.instagram.com\/feonasero\/?hl=de\" data-type=\"link\" data-id=\"https:\/\/www.instagram.com\/feonasero\/?hl=de\">@feonasero<\/a>.<\/p>\n","protected":false},"excerpt":{"rendered":"<p>Anfragen f\u00fcr Veranstaltungen oder Presseanfragen richten Sie gerne an meinen Verlag. F\u00fcr anderweitige Anfragen (Workshops oder Textauftr\u00e4ge) erreichen sie mich via Mail unter fiona.sironic[at]posteo.de. Auf Instagram @feonasero.<\/p>\n","protected":false},"author":1,"featured_media":0,"parent":0,"menu_order":0,"comment_status":"closed","ping_status":"closed","template":"","meta":{"footnotes":""},"class_list":["post-113","page","type-page","status-publish","hentry","entry"],"_links":{"self":[{"href":"http:\/\/www.fionasironic.de\/index.php?rest_route=\/wp\/v2\/pages\/113","targetHints":{"allow":["GET"]}}],"collection":[{"href":"http:\/\/www.fionasironic.de\/index.php?rest_route=\/wp\/v2\/pages"}],"about":[{"href":"http:\/\/www.fionasironic.de\/index.php?rest_route=\/wp\/v2\/types\/page"}],"author":[{"embeddable":true,"href":"http:\/\/www.fionasironic.de\/index.php?rest_route=\/wp\/v2\/users\/1"}],"replies":[{"embeddable":true,"href":"http:\/\/www.fionasironic.de\/index.php?rest_route=%2Fwp%2Fv2%2Fcomments&post=113"}],"version-history":[{"count":6,"href":"http:\/\/www.fionasironic.de\/index.php?rest_route=\/wp\/v2\/pages\/113\/revisions"}],"predecessor-version":[{"id":227,"href":"http:\/\/www.fionasironic.de\/index.php?rest_route=\/wp\/v2\/pages\/113\/revisions\/227"}],"wp:attachment":[{"href":"http:\/\/www.fionasironic.de\/index.php?rest_route=%2Fwp%2Fv2%2Fmedia&parent=113"}],"curies":[{"name":"wp","href":"https:\/\/api.w.org\/{rel}","templated":true}]}}